

{"id":1001,"date":"2019-03-16T17:39:19","date_gmt":"2019-03-16T16:39:19","guid":{"rendered":"http:\/\/www.cnpr.ch\/?page_id=1001"},"modified":"2023-01-31T20:48:32","modified_gmt":"2023-01-31T19:48:32","slug":"membre-junior","status":"publish","type":"page","link":"https:\/\/www.cnpr.ch\/?page_id=1001","title":{"rendered":"S\u00e9curit\u00e9 sur l&rsquo;eau"},"content":{"rendered":"<p>Afin d&rsquo;offrir un bon encadrement \u00e0 nos jeunes et aussi de garantir la s\u00e9curit\u00e9 sur l&rsquo;eau, nos poss\u00e9dons 3 bateaux de s\u00e9curit\u00e9 dont deux semi-rigides \u00e9quip\u00e9s de moteur 40 CH.<\/p>\n<p>Ces unit\u00e9s repr\u00e9sentent un certain co\u00fbts et pour en faire l&rsquo;acquisition, nous sommes de ce fait fiers d&rsquo;\u00eatre soutenus par Construction Perret S.A, la Caisse d&rsquo;Epargne de Nyon ainsi que par le Fond du sport vaudois ! Merci \u00e0 eux !<\/p>\n<p><a href=\"http:\/\/https:\/\/www.cpsa.ch\/\" target=\"_blank\" rel=\"noopener\"><img loading=\"lazy\" decoding=\"async\" class=\"alignleft wp-image-1593 size-medium\" src=\"https:\/\/www.cnpr.ch\/wp-content\/uploads\/2019\/03\/logo-perret-construction-sa-250x61.jpg\" alt=\"\" width=\"250\" height=\"61\" srcset=\"https:\/\/www.cnpr.ch\/wp-content\/uploads\/2019\/03\/logo-perret-construction-sa-250x61.jpg 250w, https:\/\/www.cnpr.ch\/wp-content\/uploads\/2019\/03\/logo-perret-construction-sa-120x29.jpg 120w, https:\/\/www.cnpr.ch\/wp-content\/uploads\/2019\/03\/logo-perret-construction-sa.jpg 452w\" sizes=\"auto, (max-width: 250px) 100vw, 250px\" \/><\/a><\/p>\n<p>&nbsp;<\/p>\n<p><a href=\"https:\/\/www.cen.ch\/\" target=\"_blank\" rel=\"noopener\"><img loading=\"lazy\" decoding=\"async\" class=\"alignleft wp-image-1597 size-medium\" src=\"https:\/\/www.cnpr.ch\/wp-content\/uploads\/2019\/03\/logo-CEN-250x89.png\" alt=\"\" width=\"250\" height=\"89\" srcset=\"https:\/\/www.cnpr.ch\/wp-content\/uploads\/2019\/03\/logo-CEN-250x89.png 250w, https:\/\/www.cnpr.ch\/wp-content\/uploads\/2019\/03\/logo-CEN-700x249.png 700w, https:\/\/www.cnpr.ch\/wp-content\/uploads\/2019\/03\/logo-CEN-120x43.png 120w, https:\/\/www.cnpr.ch\/wp-content\/uploads\/2019\/03\/logo-CEN.png 730w\" sizes=\"auto, (max-width: 250px) 100vw, 250px\" \/><\/a><\/p>\n<p>&nbsp;<\/p>\n<p>&nbsp;<\/p>\n<p style=\"text-align: right;\">\n<p><a href=\"https:\/\/ffsv.ch\/\" target=\"_blank\" rel=\"noopener\"><img loading=\"lazy\" decoding=\"async\" width=\"250\" height=\"85\" class=\"alignnone size-medium wp-image-1633 aligncenter\" src=\"https:\/\/www.cnpr.ch\/wp-content\/uploads\/2019\/03\/FSV_LogoLR2-250x85.jpg\" alt=\"\" srcset=\"https:\/\/www.cnpr.ch\/wp-content\/uploads\/2019\/03\/FSV_LogoLR2-250x85.jpg 250w, https:\/\/www.cnpr.ch\/wp-content\/uploads\/2019\/03\/FSV_LogoLR2-768x262.jpg 768w, https:\/\/www.cnpr.ch\/wp-content\/uploads\/2019\/03\/FSV_LogoLR2-700x238.jpg 700w, https:\/\/www.cnpr.ch\/wp-content\/uploads\/2019\/03\/FSV_LogoLR2-120x41.jpg 120w, https:\/\/www.cnpr.ch\/wp-content\/uploads\/2019\/03\/FSV_LogoLR2.jpg 1559w\" sizes=\"auto, (max-width: 250px) 100vw, 250px\" \/><\/a><\/p>\n","protected":false},"excerpt":{"rendered":"Afin d&rsquo;offrir un bon encadrement \u00e0 nos jeunes et aussi de garantir la s\u00e9curit\u00e9 sur l&rsquo;eau, nos poss\u00e9dons 3 bateaux de s\u00e9curit\u00e9 dont deux semi-rigides \u00e9quip\u00e9s de moteur 40 CH. Ces unit\u00e9s repr\u00e9sentent un certain co\u00fbts et pour en faire l&rsquo;acquisition, nous sommes de ce fait fiers d&rsquo;\u00eatre soutenus par Construction Perret S.A, la Caisse&#8230; <a class=\"view-article\" href=\"https:\/\/www.cnpr.ch\/?page_id=1001\">Voir l&rsquo;article<\/a>","protected":false},"author":1,"featured_media":1606,"parent":7,"menu_order":0,"comment_status":"closed","ping_status":"closed","template":"","meta":{"footnotes":""},"class_list":["post-1001","page","type-page","status-publish","has-post-thumbnail","hentry"],"_links":{"self":[{"href":"https:\/\/www.cnpr.ch\/index.php?rest_route=\/wp\/v2\/pages\/1001","targetHints":{"allow":["GET"]}}],"collection":[{"href":"https:\/\/www.cnpr.ch\/index.php?rest_route=\/wp\/v2\/pages"}],"about":[{"href":"https:\/\/www.cnpr.ch\/index.php?rest_route=\/wp\/v2\/types\/page"}],"author":[{"embeddable":true,"href":"https:\/\/www.cnpr.ch\/index.php?rest_route=\/wp\/v2\/users\/1"}],"replies":[{"embeddable":true,"href":"https:\/\/www.cnpr.ch\/index.php?rest_route=%2Fwp%2Fv2%2Fcomments&post=1001"}],"version-history":[{"count":17,"href":"https:\/\/www.cnpr.ch\/index.php?rest_route=\/wp\/v2\/pages\/1001\/revisions"}],"predecessor-version":[{"id":1634,"href":"https:\/\/www.cnpr.ch\/index.php?rest_route=\/wp\/v2\/pages\/1001\/revisions\/1634"}],"up":[{"embeddable":true,"href":"https:\/\/www.cnpr.ch\/index.php?rest_route=\/wp\/v2\/pages\/7"}],"wp:featuredmedia":[{"embeddable":true,"href":"https:\/\/www.cnpr.ch\/index.php?rest_route=\/wp\/v2\/media\/1606"}],"wp:attachment":[{"href":"https:\/\/www.cnpr.ch\/index.php?rest_route=%2Fwp%2Fv2%2Fmedia&parent=1001"}],"curies":[{"name":"wp","href":"https:\/\/api.w.org\/{rel}","templated":true}]}}