

{"id":1191,"date":"2019-12-15T15:38:45","date_gmt":"2019-12-15T14:38:45","guid":{"rendered":"http:\/\/www.cnpr.ch\/?page_id=1191"},"modified":"2022-06-29T06:22:35","modified_gmt":"2022-06-29T04:22:35","slug":"adulte-et-permis","status":"publish","type":"page","link":"https:\/\/www.cnpr.ch\/?page_id=1191","title":{"rendered":"Adulte et permis"},"content":{"rendered":"<p>Le club nautique de Prangins propose des cours d\u00e9riveurs pour adultes pendant la saison de mai \u00e0 octobre.<\/p>\n<div class=\"page\" title=\"Page 1\">\n<div class=\"layoutArea\">\n<div class=\"column\">\n<p>Objectifs du cours :<\/p>\n<ul>\n<li>D\u00e9couvrir la pratique du d\u00e9riveur<\/li>\n<li>Apprendre et consolider les bases de la navigation en d\u00e9riveur<\/li>\n<li>Devenir autonome \u00e0 terre et sur l\u2019eau afin de pouvoir, par la suite, utiliser les bateauxdu club<\/li>\n<\/ul>\n<\/div>\n<\/div>\n<\/div>\n<div id=\"case\"><a href=\"https:\/\/cnprangins.wufoo.com\/forms\/w1ga7tjm1ekzf75\/\" target=\"_blank\" rel=\"noopener\"> &gt; Inscription<\/a><\/div>\n<p><strong>Permis voile:<\/strong><br \/>\nVous souhaitez passer votre permis voile ou moteur et apprendre \u00e0 naviguer sur des bateaux lest\u00e9s?<br \/>\nAdressez-vous \u00e0 notre partenaire GB-waypoint: <a href=\"http:\/\/www.gb-waypoint.com\" target=\"_blank\" rel=\"noopener\">www.gb-waypoint.com<\/a><\/p>\n<p>&nbsp;<\/p>\n<p><img loading=\"lazy\" decoding=\"async\" width=\"250\" height=\"167\" class=\"alignnone size-medium wp-image-1194\" src=\"http:\/\/www.cnpr.ch\/wp-content\/uploads\/2019\/12\/cnsTBA07-022-250x167.jpg\" alt=\"\" srcset=\"https:\/\/www.cnpr.ch\/wp-content\/uploads\/2019\/12\/cnsTBA07-022-250x167.jpg 250w, https:\/\/www.cnpr.ch\/wp-content\/uploads\/2019\/12\/cnsTBA07-022-768x512.jpg 768w, https:\/\/www.cnpr.ch\/wp-content\/uploads\/2019\/12\/cnsTBA07-022-700x466.jpg 700w, https:\/\/www.cnpr.ch\/wp-content\/uploads\/2019\/12\/cnsTBA07-022-120x80.jpg 120w, https:\/\/www.cnpr.ch\/wp-content\/uploads\/2019\/12\/cnsTBA07-022.jpg 800w\" sizes=\"auto, (max-width: 250px) 100vw, 250px\" \/><\/p>\n<p>&nbsp;<\/p>\n","protected":false},"excerpt":{"rendered":"Le club nautique de Prangins propose des cours d\u00e9riveurs pour adultes pendant la saison de mai \u00e0 octobre. Objectifs du cours : D\u00e9couvrir la pratique du d\u00e9riveur Apprendre et consolider les bases de la navigation en d\u00e9riveur Devenir autonome \u00e0 terre et sur l\u2019eau afin de pouvoir, par la suite, utiliser les bateauxdu club &gt;&#8230; <a class=\"view-article\" href=\"https:\/\/www.cnpr.ch\/?page_id=1191\">Voir l&rsquo;article<\/a>","protected":false},"author":1,"featured_media":1250,"parent":7,"menu_order":0,"comment_status":"closed","ping_status":"closed","template":"","meta":{"footnotes":""},"class_list":["post-1191","page","type-page","status-publish","has-post-thumbnail","hentry"],"_links":{"self":[{"href":"https:\/\/www.cnpr.ch\/index.php?rest_route=\/wp\/v2\/pages\/1191","targetHints":{"allow":["GET"]}}],"collection":[{"href":"https:\/\/www.cnpr.ch\/index.php?rest_route=\/wp\/v2\/pages"}],"about":[{"href":"https:\/\/www.cnpr.ch\/index.php?rest_route=\/wp\/v2\/types\/page"}],"author":[{"embeddable":true,"href":"https:\/\/www.cnpr.ch\/index.php?rest_route=\/wp\/v2\/users\/1"}],"replies":[{"embeddable":true,"href":"https:\/\/www.cnpr.ch\/index.php?rest_route=%2Fwp%2Fv2%2Fcomments&post=1191"}],"version-history":[{"count":21,"href":"https:\/\/www.cnpr.ch\/index.php?rest_route=\/wp\/v2\/pages\/1191\/revisions"}],"predecessor-version":[{"id":1587,"href":"https:\/\/www.cnpr.ch\/index.php?rest_route=\/wp\/v2\/pages\/1191\/revisions\/1587"}],"up":[{"embeddable":true,"href":"https:\/\/www.cnpr.ch\/index.php?rest_route=\/wp\/v2\/pages\/7"}],"wp:featuredmedia":[{"embeddable":true,"href":"https:\/\/www.cnpr.ch\/index.php?rest_route=\/wp\/v2\/media\/1250"}],"wp:attachment":[{"href":"https:\/\/www.cnpr.ch\/index.php?rest_route=%2Fwp%2Fv2%2Fmedia&parent=1191"}],"curies":[{"name":"wp","href":"https:\/\/api.w.org\/{rel}","templated":true}]}}