

{"id":1719,"date":"2025-01-10T16:01:55","date_gmt":"2025-01-10T15:01:55","guid":{"rendered":"https:\/\/www.cnpr.ch\/?page_id=1719"},"modified":"2025-08-14T10:00:08","modified_gmt":"2025-08-14T08:00:08","slug":"50-ans","status":"publish","type":"page","link":"https:\/\/www.cnpr.ch\/?page_id=1719","title":{"rendered":"50 ans"},"content":{"rendered":"\n\r\n<div \r\n    class='wp-block-pdfp-pdf-poster  alignnone'\r\n    id='pdfp-2'\r\n    data-attributes='{&quot;uniqueId&quot;:&quot;pdfp1&quot;,&quot;file&quot;:&quot;https:\\\/\\\/www.cnpr.ch\\\/wp-content\\\/uploads\\\/2025\\\/04\\\/CNPr-livre-50e-version-finale.pdf&quot;,&quot;height&quot;:&quot;700px&quot;,&quot;width&quot;:&quot;100%&quot;,&quot;print&quot;:false,&quot;fullscreenButton&quot;:true,&quot;fullscreenButtonText&quot;:&quot;Voir en plein \\u00e9cran&quot;,&quot;newWindow&quot;:false,&quot;showName&quot;:true,&quot;downloadButton&quot;:false,&quot;downloadButtonText&quot;:&quot;Download File&quot;,&quot;protect&quot;:false,&quot;onlyPDF&quot;:false,&quot;defaultBrowser&quot;:false,&quot;thumbMenu&quot;:false,&quot;initialPage&quot;:&quot;1&quot;,&quot;sidebarOpen&quot;:false,&quot;lastVersion&quot;:false,&quot;hrScroll&quot;:false,&quot;alert&quot;:false,&quot;popupOptions&quot;:{&quot;enabled&quot;:false,&quot;text&quot;:&quot;Open PDF&quot;,&quot;btnStyle&quot;:{&quot;background&quot;:&quot;#1e73be&quot;,&quot;color&quot;:&quot;#fff&quot;,&quot;fontSize&quot;:&quot;rem&quot;,&quot;padding&quot;:{&quot;top&quot;:10,&quot;right&quot;:20,&quot;bottom&quot;:10,&quot;left&quot;:10}}},&quot;align&quot;:&quot;none&quot;,&quot;alignment&quot;:&quot;left&quot;,&quot;title&quot;:&quot;&quot;,&quot;titleFontSize&quot;:&quot;16px&quot;,&quot;additional&quot;:{&quot;ID&quot;:&quot;&quot;,&quot;Class&quot;:&quot;&quot;,&quot;CSS&quot;:&quot;&quot;},&quot;adobeEmbedder&quot;:false,&quot;adobeOptions&quot;:{&quot;showDownloadPDF&quot;:true,&quot;showPrintPDF&quot;:true,&quot;showAnnotationTools&quot;:true,&quot;showFullScreen&quot;:false,&quot;embedMode&quot;:&quot;SIZED_CONTAINER&quot;},&quot;popupBtnStyle&quot;:{&quot;background&quot;:&quot;#2271b1&quot;,&quot;color&quot;:&quot;#fff&quot;,&quot;padding&quot;:{&quot;top&quot;:10,&quot;right&quot;:20,&quot;bottom&quot;:10,&quot;left&quot;:10}},&quot;popupBtnText&quot;:&quot;Open Document&quot;,&quot;CSS&quot;:&quot;&quot;}'\r\n    style=\"text-align: left\"\r\n>\r\n<\/div>\n\n\n\n<h2 class=\"wp-block-heading\">50 ans du CNPr<\/h2>\n\n\n\n<p><strong>16 ao\u00fbt 2025 de 11h00 \u00e0 01h00<\/strong><\/p>\n\n\n\n<p><span style=\"text-decoration: underline;\">Programme:<\/span><br><strong>D\u00e8s 11h00<\/strong> D\u00e9but de la F\u00eate &#8211; ouverture du bar et du grill<br><strong>D\u00e8s 11h00<\/strong> Ouverture du grand rallye des familles (possibilit\u00e9 de participer toute la journ\u00e9e)<br><strong>11h30<\/strong> Concert live Bluespirit &amp; Dark Angels<br><strong>12h45<\/strong> Allocutions<br><strong>Tout l\u2019apr\u00e8s-midi<\/strong> &#8211; Animations et d\u00e9monstrations de nos partenaires:<br>Pompiers du lac<br>Association de sauvegarde du L\u00e9man<br>Association des petits p\u00eacheurs<br>Ecole de voile du CNPr<br>Swiss Disabled Sailing<br>Service environnement de la Commune de Prangins<br>Brigade du lac &#8211; gendarmerie<\/p>\n\n\n\n<p><strong>16h00<\/strong> Cl\u00f4ture du grand rallye des familles<br><strong>D\u00e8s 17h00<\/strong> &#8211; Cochon entier \u00e0 la broche et autres d\u00e9lices<br><strong>19h00<\/strong> Concert live THE DISCOVERY (Lucian Ralea &#8211; CNPr)<br><strong>20h30<\/strong> Concert live SMILE &#8211; https:\/\/smile-theband.com\/<br><strong>22h00<\/strong> Animations artistiques nocturnes<\/p>\n\n\n\n<figure class=\"wp-block-image size-large\"><img loading=\"lazy\" decoding=\"async\" width=\"700\" height=\"973\" src=\"https:\/\/www.cnpr.ch\/wp-content\/uploads\/2025\/08\/cnpr-50ans-1-700x973.jpeg\" alt=\"\" class=\"wp-image-1784\" srcset=\"https:\/\/www.cnpr.ch\/wp-content\/uploads\/2025\/08\/cnpr-50ans-1-700x973.jpeg 700w, https:\/\/www.cnpr.ch\/wp-content\/uploads\/2025\/08\/cnpr-50ans-1-250x347.jpeg 250w, https:\/\/www.cnpr.ch\/wp-content\/uploads\/2025\/08\/cnpr-50ans-1-768x1067.jpeg 768w, https:\/\/www.cnpr.ch\/wp-content\/uploads\/2025\/08\/cnpr-50ans-1-1105x1536.jpeg 1105w, https:\/\/www.cnpr.ch\/wp-content\/uploads\/2025\/08\/cnpr-50ans-1-120x167.jpeg 120w, https:\/\/www.cnpr.ch\/wp-content\/uploads\/2025\/08\/cnpr-50ans-1.jpeg 1139w\" sizes=\"auto, (max-width: 700px) 100vw, 700px\" \/><\/figure>\n","protected":false},"excerpt":{"rendered":"50 ans du CNPr 16 ao\u00fbt 2025 de 11h00 \u00e0 01h00 Programme:D\u00e8s 11h00 D\u00e9but de la F\u00eate &#8211; ouverture du bar et du grillD\u00e8s 11h00 Ouverture du grand rallye des familles (possibilit\u00e9 de participer toute la journ\u00e9e)11h30 Concert live Bluespirit &amp; Dark Angels12h45 AllocutionsTout l\u2019apr\u00e8s-midi &#8211; Animations et d\u00e9monstrations de nos partenaires:Pompiers du lacAssociation de&#8230; <a class=\"view-article\" href=\"https:\/\/www.cnpr.ch\/?page_id=1719\">Voir l&rsquo;article<\/a>","protected":false},"author":1,"featured_media":0,"parent":0,"menu_order":0,"comment_status":"closed","ping_status":"closed","template":"template-50ans.php","meta":{"footnotes":""},"class_list":["post-1719","page","type-page","status-publish","hentry"],"_links":{"self":[{"href":"https:\/\/www.cnpr.ch\/index.php?rest_route=\/wp\/v2\/pages\/1719","targetHints":{"allow":["GET"]}}],"collection":[{"href":"https:\/\/www.cnpr.ch\/index.php?rest_route=\/wp\/v2\/pages"}],"about":[{"href":"https:\/\/www.cnpr.ch\/index.php?rest_route=\/wp\/v2\/types\/page"}],"author":[{"embeddable":true,"href":"https:\/\/www.cnpr.ch\/index.php?rest_route=\/wp\/v2\/users\/1"}],"replies":[{"embeddable":true,"href":"https:\/\/www.cnpr.ch\/index.php?rest_route=%2Fwp%2Fv2%2Fcomments&post=1719"}],"version-history":[{"count":7,"href":"https:\/\/www.cnpr.ch\/index.php?rest_route=\/wp\/v2\/pages\/1719\/revisions"}],"predecessor-version":[{"id":1786,"href":"https:\/\/www.cnpr.ch\/index.php?rest_route=\/wp\/v2\/pages\/1719\/revisions\/1786"}],"wp:attachment":[{"href":"https:\/\/www.cnpr.ch\/index.php?rest_route=%2Fwp%2Fv2%2Fmedia&parent=1719"}],"curies":[{"name":"wp","href":"https:\/\/api.w.org\/{rel}","templated":true}]}}