

{"id":32,"date":"2017-06-26T06:34:04","date_gmt":"2017-06-26T04:34:04","guid":{"rendered":"http:\/\/www.cnpr.ch\/?page_id=32"},"modified":"2026-03-21T06:54:57","modified_gmt":"2026-03-21T05:54:57","slug":"notre-comite","status":"publish","type":"page","link":"https:\/\/www.cnpr.ch\/?page_id=32","title":{"rendered":"Notre Comit\u00e9"},"content":{"rendered":"<h2>Pr\u00e9sident: Daniel Andr\u00e9 &#8211; Depuis 2026<\/h2>\n<h2>Finances: Catherine Dousse &#8211; Depuis 2023 (2010)<\/h2>\n<h2>Cheffe de base: Janet Johnson Depuis 2025<\/h2>\n<h2>Mat\u00e9riel: Gamper Marius &#8211; Depuis 2024 (2017)<\/h2>\n<h2>Communication: Marius Gamper &#8211; 2017<\/h2>\n<h2>Swiss Sailing League &amp; J70: &#8211; Tom Shut &#8211; 2026 (2014)<\/h2>\n<h2>Secr\u00e9taire: Place au soleil qui cherche \u00e0 \u00eatre pourvue<\/h2>\n<h2>Croisi\u00e8res : Gian Luca Brucchietti &#8211; Depuis 2013<\/h2>\n","protected":false},"excerpt":{"rendered":"Pr\u00e9sident: Daniel Andr\u00e9 &#8211; Depuis 2026 Finances: Catherine Dousse &#8211; Depuis 2023 (2010) Cheffe de base: Janet Johnson Depuis 2025 Mat\u00e9riel: Gamper Marius &#8211; Depuis 2024 (2017) Communication: Marius Gamper &#8211; 2017 Swiss Sailing League &amp; J70: &#8211; Tom Shut &#8211; 2026 (2014) Secr\u00e9taire: Place au soleil qui cherche \u00e0 \u00eatre pourvue Croisi\u00e8res : Gian&#8230; <a class=\"view-article\" href=\"https:\/\/www.cnpr.ch\/?page_id=32\">Voir l&rsquo;article<\/a>","protected":false},"author":1,"featured_media":0,"parent":5,"menu_order":0,"comment_status":"closed","ping_status":"closed","template":"template-club.php","meta":{"footnotes":""},"class_list":["post-32","page","type-page","status-publish","hentry"],"_links":{"self":[{"href":"https:\/\/www.cnpr.ch\/index.php?rest_route=\/wp\/v2\/pages\/32","targetHints":{"allow":["GET"]}}],"collection":[{"href":"https:\/\/www.cnpr.ch\/index.php?rest_route=\/wp\/v2\/pages"}],"about":[{"href":"https:\/\/www.cnpr.ch\/index.php?rest_route=\/wp\/v2\/types\/page"}],"author":[{"embeddable":true,"href":"https:\/\/www.cnpr.ch\/index.php?rest_route=\/wp\/v2\/users\/1"}],"replies":[{"embeddable":true,"href":"https:\/\/www.cnpr.ch\/index.php?rest_route=%2Fwp%2Fv2%2Fcomments&post=32"}],"version-history":[{"count":20,"href":"https:\/\/www.cnpr.ch\/index.php?rest_route=\/wp\/v2\/pages\/32\/revisions"}],"predecessor-version":[{"id":1801,"href":"https:\/\/www.cnpr.ch\/index.php?rest_route=\/wp\/v2\/pages\/32\/revisions\/1801"}],"up":[{"embeddable":true,"href":"https:\/\/www.cnpr.ch\/index.php?rest_route=\/wp\/v2\/pages\/5"}],"wp:attachment":[{"href":"https:\/\/www.cnpr.ch\/index.php?rest_route=%2Fwp%2Fv2%2Fmedia&parent=32"}],"curies":[{"name":"wp","href":"https:\/\/api.w.org\/{rel}","templated":true}]}}