

{"id":39,"date":"2017-06-26T07:10:33","date_gmt":"2017-06-26T05:10:33","guid":{"rendered":"http:\/\/www.cnpr.ch\/?page_id=39"},"modified":"2025-04-07T21:26:35","modified_gmt":"2025-04-07T19:26:35","slug":"ecole-de-voile-pour-les-jeunes","status":"publish","type":"page","link":"https:\/\/www.cnpr.ch\/?page_id=39","title":{"rendered":"Ecole de voile pour les jeunes"},"content":{"rendered":"<table style=\"height: 158px;\" width=\"2011\">\n<tbody>\n<tr>\n<td>Notre\u00a0 \u00e9cole de voile propose des cours hebdomadaires, des stages d&rsquo;\u00e9t\u00e9 et de la comp\u00e9tition pour les jeunes de 7 \u00e0 18 ans. Nous disposons d&rsquo;une flotte d&rsquo;OPTIMISTS (7-11 ans), de RS FEVA (11 \u00e0-16 ans) et de 29er (15-18 ans). Nous disposons \u00e9galement de Lasers qui nous permettent aussi de proposer des cours en d\u00e9riveurs pour les adultes. Par la suite, nous proposons le passage sur un lest\u00e9 de type J70.\n<p>Les cours sont encadr\u00e9s par des <a href=\"http:\/\/www.cnpr.ch\/?page_id=7#staff\">moniteurs<\/a> brevet\u00e9s Jeunesse + Sport \u00a0ayant pour la plupart acquis les bases de la navigation au club nautique de Prangins.<\/p>\n<\/td>\n<td>Ils permettent d\u2019\u00e9voluer de l\u2019initiation (<a href=\"http:\/\/www.cnpr.ch\/?page_id=847#structure\">\u00e9cole de voile<\/a>\u00a0 | cours hebdomadaires et stages d\u2019\u00e9t\u00e9) au perfectionnement et \u00e0 l\u2019autonomie ou la comp\u00e9tition (<a href=\"http:\/\/www.cnpr.ch\/?page_id=7#calendrier\">team club<\/a>\u00a0 | cours hebdomadaire, r\u00e9gates et camps).\n<p>Our trainers also speak english\u00a0!<\/p>\n<div id=\"case\"><a href=\"mailto:ecoledevoile@cnpr.ch\">Plus d&rsquo;informations!<\/a><\/div>\n<\/td>\n<\/tr>\n<\/tbody>\n<\/table>\n\n\n<p><\/p>\n","protected":false},"excerpt":{"rendered":"Notre\u00a0 \u00e9cole de voile propose des cours hebdomadaires, des stages d&rsquo;\u00e9t\u00e9 et de la comp\u00e9tition pour les jeunes de 7 \u00e0 18 ans. Nous disposons d&rsquo;une flotte d&rsquo;OPTIMISTS (7-11 ans), de RS FEVA (11 \u00e0-16 ans) et de 29er (15-18 ans). Nous disposons \u00e9galement de Lasers qui nous permettent aussi de proposer des cours en&#8230; <a class=\"view-article\" href=\"https:\/\/www.cnpr.ch\/?page_id=39\">Voir l&rsquo;article<\/a>","protected":false},"author":1,"featured_media":0,"parent":7,"menu_order":0,"comment_status":"closed","ping_status":"closed","template":"template-ecole.php","meta":{"footnotes":""},"class_list":["post-39","page","type-page","status-publish","hentry"],"_links":{"self":[{"href":"https:\/\/www.cnpr.ch\/index.php?rest_route=\/wp\/v2\/pages\/39","targetHints":{"allow":["GET"]}}],"collection":[{"href":"https:\/\/www.cnpr.ch\/index.php?rest_route=\/wp\/v2\/pages"}],"about":[{"href":"https:\/\/www.cnpr.ch\/index.php?rest_route=\/wp\/v2\/types\/page"}],"author":[{"embeddable":true,"href":"https:\/\/www.cnpr.ch\/index.php?rest_route=\/wp\/v2\/users\/1"}],"replies":[{"embeddable":true,"href":"https:\/\/www.cnpr.ch\/index.php?rest_route=%2Fwp%2Fv2%2Fcomments&post=39"}],"version-history":[{"count":39,"href":"https:\/\/www.cnpr.ch\/index.php?rest_route=\/wp\/v2\/pages\/39\/revisions"}],"predecessor-version":[{"id":1778,"href":"https:\/\/www.cnpr.ch\/index.php?rest_route=\/wp\/v2\/pages\/39\/revisions\/1778"}],"up":[{"embeddable":true,"href":"https:\/\/www.cnpr.ch\/index.php?rest_route=\/wp\/v2\/pages\/7"}],"wp:attachment":[{"href":"https:\/\/www.cnpr.ch\/index.php?rest_route=%2Fwp%2Fv2%2Fmedia&parent=39"}],"curies":[{"name":"wp","href":"https:\/\/api.w.org\/{rel}","templated":true}]}}