

{"id":41,"date":"2017-06-26T07:32:54","date_gmt":"2017-06-26T05:32:54","guid":{"rendered":"http:\/\/www.cnpr.ch\/?page_id=41"},"modified":"2025-08-14T23:06:01","modified_gmt":"2025-08-14T21:06:01","slug":"calendrier-des-cours","status":"publish","type":"page","link":"https:\/\/www.cnpr.ch\/?page_id=41","title":{"rendered":"Team Club"},"content":{"rendered":"<ul class=\"tagTeam\">\n<li>\u00a0<strong>&gt;<\/strong>\u00a0 Cours avanc\u00e9s<\/li>\n<li>\u00a0<strong>&gt;<\/strong>\u00a0 De 8 \u00e0 18 ans<\/li>\n<li>\u00a0<strong>&gt;<\/strong> Activit\u00e9 nautique r\u00e9guli\u00e8re<\/li>\n<li>\u00a0<strong>&gt;<\/strong>\u00a0 R\u00e9gate \u00e0 la voile<\/li>\n<li>\u00a0<strong>&gt;<\/strong>\u00a0 Bases pour d\u2019autres activit\u00e9s nautiques comme le kitesurf, la planche ou le paddle<\/li>\n<\/ul>\n<ul>\n<li><a href=\"https:\/\/cnprangins.wufoo.com\/forms\/z1xmnbg11x7br97\/\">Inscriptions Team Club 2025 (Automne)<\/a><\/li>\n<\/ul>\n\n\n<p><\/p>\n","protected":false},"excerpt":{"rendered":"\u00a0&gt;\u00a0 Cours avanc\u00e9s \u00a0&gt;\u00a0 De 8 \u00e0 18 ans \u00a0&gt; Activit\u00e9 nautique r\u00e9guli\u00e8re \u00a0&gt;\u00a0 R\u00e9gate \u00e0 la voile \u00a0&gt;\u00a0 Bases pour d\u2019autres activit\u00e9s nautiques comme le kitesurf, la planche ou le paddle Inscriptions Team Club 2025 (Automne)","protected":false},"author":1,"featured_media":1046,"parent":7,"menu_order":0,"comment_status":"closed","ping_status":"closed","template":"template-ecole.php","meta":{"footnotes":""},"class_list":["post-41","page","type-page","status-publish","has-post-thumbnail","hentry"],"_links":{"self":[{"href":"https:\/\/www.cnpr.ch\/index.php?rest_route=\/wp\/v2\/pages\/41","targetHints":{"allow":["GET"]}}],"collection":[{"href":"https:\/\/www.cnpr.ch\/index.php?rest_route=\/wp\/v2\/pages"}],"about":[{"href":"https:\/\/www.cnpr.ch\/index.php?rest_route=\/wp\/v2\/types\/page"}],"author":[{"embeddable":true,"href":"https:\/\/www.cnpr.ch\/index.php?rest_route=\/wp\/v2\/users\/1"}],"replies":[{"embeddable":true,"href":"https:\/\/www.cnpr.ch\/index.php?rest_route=%2Fwp%2Fv2%2Fcomments&post=41"}],"version-history":[{"count":76,"href":"https:\/\/www.cnpr.ch\/index.php?rest_route=\/wp\/v2\/pages\/41\/revisions"}],"predecessor-version":[{"id":1788,"href":"https:\/\/www.cnpr.ch\/index.php?rest_route=\/wp\/v2\/pages\/41\/revisions\/1788"}],"up":[{"embeddable":true,"href":"https:\/\/www.cnpr.ch\/index.php?rest_route=\/wp\/v2\/pages\/7"}],"wp:featuredmedia":[{"embeddable":true,"href":"https:\/\/www.cnpr.ch\/index.php?rest_route=\/wp\/v2\/media\/1046"}],"wp:attachment":[{"href":"https:\/\/www.cnpr.ch\/index.php?rest_route=%2Fwp%2Fv2%2Fmedia&parent=41"}],"curies":[{"name":"wp","href":"https:\/\/api.w.org\/{rel}","templated":true}]}}