

{"id":717,"date":"2017-09-22T06:01:31","date_gmt":"2017-09-22T04:01:31","guid":{"rendered":"http:\/\/www.cnpr.ch\/?page_id=717"},"modified":"2023-02-09T20:23:10","modified_gmt":"2023-02-09T19:23:10","slug":"location-bateau-a-voile-et-a-moteur","status":"publish","type":"page","link":"https:\/\/www.cnpr.ch\/?page_id=717","title":{"rendered":"Location Bateau \u00e0 voile et \u00e0 moteur"},"content":{"rendered":"<p>Le Club Nautique de Prangins recommande avec plaisir et confiance GB-Waypoint pour la location de bateaux \u00e0 voile lest\u00e9s et \u00e0 moteurs.<\/p>\n<p>Gian-Luca et son \u00e9quipe sont bas\u00e9s au port de Ab\u00e9riaux depuis 20ans et b\u00e9n\u00e9ficie d&rsquo;une riche exp\u00e9rience<\/p>\n<p>&nbsp;<\/p>\n<p>Plus d&rsquo;infos <a href=\"https:\/\/www.gb-waypoint.com\/\" target=\"_blank\" rel=\"noopener\">ici<\/a><\/p>\n","protected":false},"excerpt":{"rendered":"Le Club Nautique de Prangins recommande avec plaisir et confiance GB-Waypoint pour la location de bateaux \u00e0 voile lest\u00e9s et \u00e0 moteurs. Gian-Luca et son \u00e9quipe sont bas\u00e9s au port de Ab\u00e9riaux depuis 20ans et b\u00e9n\u00e9ficie d&rsquo;une riche exp\u00e9rience &nbsp; Plus d&rsquo;infos ici","protected":false},"author":1,"featured_media":730,"parent":708,"menu_order":0,"comment_status":"closed","ping_status":"closed","template":"","meta":{"footnotes":""},"class_list":["post-717","page","type-page","status-publish","has-post-thumbnail","hentry"],"_links":{"self":[{"href":"https:\/\/www.cnpr.ch\/index.php?rest_route=\/wp\/v2\/pages\/717","targetHints":{"allow":["GET"]}}],"collection":[{"href":"https:\/\/www.cnpr.ch\/index.php?rest_route=\/wp\/v2\/pages"}],"about":[{"href":"https:\/\/www.cnpr.ch\/index.php?rest_route=\/wp\/v2\/types\/page"}],"author":[{"embeddable":true,"href":"https:\/\/www.cnpr.ch\/index.php?rest_route=\/wp\/v2\/users\/1"}],"replies":[{"embeddable":true,"href":"https:\/\/www.cnpr.ch\/index.php?rest_route=%2Fwp%2Fv2%2Fcomments&post=717"}],"version-history":[{"count":7,"href":"https:\/\/www.cnpr.ch\/index.php?rest_route=\/wp\/v2\/pages\/717\/revisions"}],"predecessor-version":[{"id":1646,"href":"https:\/\/www.cnpr.ch\/index.php?rest_route=\/wp\/v2\/pages\/717\/revisions\/1646"}],"up":[{"embeddable":true,"href":"https:\/\/www.cnpr.ch\/index.php?rest_route=\/wp\/v2\/pages\/708"}],"wp:featuredmedia":[{"embeddable":true,"href":"https:\/\/www.cnpr.ch\/index.php?rest_route=\/wp\/v2\/media\/730"}],"wp:attachment":[{"href":"https:\/\/www.cnpr.ch\/index.php?rest_route=%2Fwp%2Fv2%2Fmedia&parent=717"}],"curies":[{"name":"wp","href":"https:\/\/api.w.org\/{rel}","templated":true}]}}