

{"id":847,"date":"2018-02-21T10:47:39","date_gmt":"2018-02-21T09:47:39","guid":{"rendered":"http:\/\/www.cnpr.ch\/?page_id=847"},"modified":"2026-04-03T07:22:42","modified_gmt":"2026-04-03T05:22:42","slug":"structure-des-cours","status":"publish","type":"page","link":"https:\/\/www.cnpr.ch\/?page_id=847","title":{"rendered":"Ecole de voile"},"content":{"rendered":"<ul class=\"tag\">\n<li><strong>\u00a0&gt;<\/strong>\u00a0 Cours d\u2019initiation<\/li>\n<li><strong>\u00a0&gt;<\/strong>\u00a0 Pour les jeunes de 7 \u00e0 15 ans<\/li>\n<li><strong>\u00a0&gt;<\/strong>\u00a0 Cours hebdomadaires et stages d\u2019\u00e9t\u00e9<\/li>\n<li><strong>\u00a0&gt;<\/strong>\u00a0 Base de la navigation (apprendre \u00e0 \u00eatre autonome sur l\u2019eau)<\/li>\n<li><strong>\u00a0&gt;<\/strong>\u00a0 Activit\u00e9 nautique (fun, paddle)<\/li>\n<\/ul>\n<div id=\"case2\"><a href=\"https:\/\/www.cnpr.ch\/wp-content\/uploads\/2026\/04\/programme-EV-CnPr-26.pdf\" target=\"_blank\" rel=\"noopener\">&gt; Programme et tarifs &#8211; 2026<\/a><\/div>\n<div id=\"case2\"><a href=\"https:\/\/cnprangins.wufoo.com\/forms\/z13mn40k1t7jkiw\/\">&gt; Lien vers les inscription aux stages d&rsquo;\u00e9t\u00e9 2026<\/a><\/div>\n\n\n<p><\/p>\n","protected":false},"excerpt":{"rendered":"\u00a0&gt;\u00a0 Cours d\u2019initiation \u00a0&gt;\u00a0 Pour les jeunes de 7 \u00e0 15 ans \u00a0&gt;\u00a0 Cours hebdomadaires et stages d\u2019\u00e9t\u00e9 \u00a0&gt;\u00a0 Base de la navigation (apprendre \u00e0 \u00eatre autonome sur l\u2019eau) \u00a0&gt;\u00a0 Activit\u00e9 nautique (fun, paddle) &gt; Programme et tarifs &#8211; 2026 &gt; Lien vers les inscription aux stages d&rsquo;\u00e9t\u00e9 2026","protected":false},"author":1,"featured_media":1038,"parent":7,"menu_order":0,"comment_status":"closed","ping_status":"closed","template":"template-ecole.php","meta":{"footnotes":""},"class_list":["post-847","page","type-page","status-publish","has-post-thumbnail","hentry"],"_links":{"self":[{"href":"https:\/\/www.cnpr.ch\/index.php?rest_route=\/wp\/v2\/pages\/847","targetHints":{"allow":["GET"]}}],"collection":[{"href":"https:\/\/www.cnpr.ch\/index.php?rest_route=\/wp\/v2\/pages"}],"about":[{"href":"https:\/\/www.cnpr.ch\/index.php?rest_route=\/wp\/v2\/types\/page"}],"author":[{"embeddable":true,"href":"https:\/\/www.cnpr.ch\/index.php?rest_route=\/wp\/v2\/users\/1"}],"replies":[{"embeddable":true,"href":"https:\/\/www.cnpr.ch\/index.php?rest_route=%2Fwp%2Fv2%2Fcomments&post=847"}],"version-history":[{"count":77,"href":"https:\/\/www.cnpr.ch\/index.php?rest_route=\/wp\/v2\/pages\/847\/revisions"}],"predecessor-version":[{"id":1814,"href":"https:\/\/www.cnpr.ch\/index.php?rest_route=\/wp\/v2\/pages\/847\/revisions\/1814"}],"up":[{"embeddable":true,"href":"https:\/\/www.cnpr.ch\/index.php?rest_route=\/wp\/v2\/pages\/7"}],"wp:featuredmedia":[{"embeddable":true,"href":"https:\/\/www.cnpr.ch\/index.php?rest_route=\/wp\/v2\/media\/1038"}],"wp:attachment":[{"href":"https:\/\/www.cnpr.ch\/index.php?rest_route=%2Fwp%2Fv2%2Fmedia&parent=847"}],"curies":[{"name":"wp","href":"https:\/\/api.w.org\/{rel}","templated":true}]}}