

{"id":991,"date":"2019-03-16T17:21:27","date_gmt":"2019-03-16T16:21:27","guid":{"rendered":"http:\/\/www.cnpr.ch\/?page_id=991"},"modified":"2019-03-16T17:25:34","modified_gmt":"2019-03-16T16:25:34","slug":"laser","status":"publish","type":"page","link":"https:\/\/www.cnpr.ch\/?page_id=991","title":{"rendered":"Laser"},"content":{"rendered":"<p>Le CNPr dispose de 4 lasers (d\u00e9riveurs) qu\u2019il met \u00e0 disposition gratuitement pour ses membres.<br \/>\nLes membres sont \u00e9galement bienvenu pour venir naviguer avec le groupe Team club les samedis apr\u00e8s-midi pendant la saison.<\/p>\n<p><strong>Marche \u00e0 suivre pour la location ?<\/strong><br \/>\n&#8211; Veuillez remplir la \u00ab\u00a0R\u00e9servation en ligne\u00a0\u00bb<br \/>\n&#8211; Le formulaire en ligne fait office de d\u00e9charge<\/p>\n","protected":false},"excerpt":{"rendered":"Le CNPr dispose de 4 lasers (d\u00e9riveurs) qu\u2019il met \u00e0 disposition gratuitement pour ses membres. Les membres sont \u00e9galement bienvenu pour venir naviguer avec le groupe Team club les samedis apr\u00e8s-midi pendant la saison. Marche \u00e0 suivre pour la location ? &#8211; Veuillez remplir la \u00ab\u00a0R\u00e9servation en ligne\u00a0\u00bb &#8211; Le formulaire en ligne fait office&#8230; <a class=\"view-article\" href=\"https:\/\/www.cnpr.ch\/?page_id=991\">Voir l&rsquo;article<\/a>","protected":false},"author":1,"featured_media":0,"parent":708,"menu_order":0,"comment_status":"closed","ping_status":"closed","template":"","meta":{"footnotes":""},"class_list":["post-991","page","type-page","status-publish","hentry"],"_links":{"self":[{"href":"https:\/\/www.cnpr.ch\/index.php?rest_route=\/wp\/v2\/pages\/991","targetHints":{"allow":["GET"]}}],"collection":[{"href":"https:\/\/www.cnpr.ch\/index.php?rest_route=\/wp\/v2\/pages"}],"about":[{"href":"https:\/\/www.cnpr.ch\/index.php?rest_route=\/wp\/v2\/types\/page"}],"author":[{"embeddable":true,"href":"https:\/\/www.cnpr.ch\/index.php?rest_route=\/wp\/v2\/users\/1"}],"replies":[{"embeddable":true,"href":"https:\/\/www.cnpr.ch\/index.php?rest_route=%2Fwp%2Fv2%2Fcomments&post=991"}],"version-history":[{"count":3,"href":"https:\/\/www.cnpr.ch\/index.php?rest_route=\/wp\/v2\/pages\/991\/revisions"}],"predecessor-version":[{"id":994,"href":"https:\/\/www.cnpr.ch\/index.php?rest_route=\/wp\/v2\/pages\/991\/revisions\/994"}],"up":[{"embeddable":true,"href":"https:\/\/www.cnpr.ch\/index.php?rest_route=\/wp\/v2\/pages\/708"}],"wp:attachment":[{"href":"https:\/\/www.cnpr.ch\/index.php?rest_route=%2Fwp%2Fv2%2Fmedia&parent=991"}],"curies":[{"name":"wp","href":"https:\/\/api.w.org\/{rel}","templated":true}]}}